{"id":63,"date":"2024-02-05T17:36:57","date_gmt":"2024-02-05T16:36:57","guid":{"rendered":"https:\/\/rincondelmasaje.com\/?page_id=63"},"modified":"2024-02-05T17:36:57","modified_gmt":"2024-02-05T16:36:57","slug":"que-es-un-quiromasaje","status":"publish","type":"page","link":"https:\/\/rincondelmasaje.com\/index.php\/que-es-un-quiromasaje\/","title":{"rendered":"\u00bfQu\u00e9 es un quiromasaje?"},"content":{"rendered":"\n<p class=\"has-text-align-center\">Se conoce como\u00a0<strong>quiromasaje<\/strong>\u00a0al\u00a0<a href=\"https:\/\/definicion.de\/masaje\/\"><strong>masaje<\/strong><\/a>\u00a0desarrollado\u00a0<strong>manualmente<\/strong>\u00a0como parte de una\u00a0<strong>terapia<\/strong>. De este modo, un quiromasaje se diferencia de aquellos que se realizan con distintos instrumentos o dispositivos.<\/p>\n\n\n\n<figure class=\"wp-block-image size-large\"><img loading=\"lazy\" decoding=\"async\" width=\"1024\" height=\"341\" src=\"https:\/\/rincondelmasaje.com\/wp-content\/uploads\/2024\/02\/Javier-3-1024x341.jpg\" alt=\"\" class=\"wp-image-28\" srcset=\"https:\/\/rincondelmasaje.com\/wp-content\/uploads\/2024\/02\/Javier-3-1024x341.jpg 1024w, https:\/\/rincondelmasaje.com\/wp-content\/uploads\/2024\/02\/Javier-3-300x100.jpg 300w, https:\/\/rincondelmasaje.com\/wp-content\/uploads\/2024\/02\/Javier-3-768x256.jpg 768w, https:\/\/rincondelmasaje.com\/wp-content\/uploads\/2024\/02\/Javier-3-1536x512.jpg 1536w, https:\/\/rincondelmasaje.com\/wp-content\/uploads\/2024\/02\/Javier-3-2048x683.jpg 2048w\" sizes=\"auto, (max-width: 1024px) 100vw, 1024px\" \/><\/figure>\n\n\n\n<p class=\"has-text-align-center\">Cuando un quiromasajista ejerce una&nbsp;<strong>presi\u00f3n<\/strong>&nbsp;sobre una zona del&nbsp;<a href=\"https:\/\/definicion.de\/cuerpo\"><strong>cuerpo<\/strong><\/a>&nbsp;en la que su paciente siente dolor, se produce una respuesta refleja que permite calmar la dolencia. La&nbsp;<strong>presi\u00f3n t\u00e1ctil<\/strong>&nbsp;y el&nbsp;<strong>frotamiento<\/strong>&nbsp;tambi\u00e9n pueden impulsar otros mecanismos, como reducir la sensaci\u00f3n de cansancio o modificar el estado an\u00edmico.<\/p>\n\n\n\n<p class=\"has-text-align-center\">Es importante destacar, de todos modos, que el campo de los quiromasajes es muy amplio. La comprobaci\u00f3n cient\u00edfica de sus efectos suele ser dif\u00edcil de llevar a cabo: por eso, la&nbsp;<a href=\"https:\/\/definicion.de\/medicina\"><strong>medicina<\/strong><\/a>&nbsp;muchas veces no reconoce los quiromasajes como tratamientos v\u00e1lidos para enfermedades o dolencias.<\/p>\n\n\n\n<p class=\"has-text-align-center\">Hay que tener en cuenta que una\u00a0<strong>persona<\/strong>\u00a0que ofrece un quiromasaje a su pareja con la intenci\u00f3n de contribuir a su\u00a0<strong>relajaci\u00f3n<\/strong>\u00a0no cuenta con los mismos conocimientos que un\u00a0<strong>fisioterapeuta<\/strong>\u00a0que masajea a un paciente para favorecer la\u00a0<strong>recuperaci\u00f3n muscular<\/strong>\u00a0despu\u00e9s de un esfuerzo, por citar un caso. A los quiromasajes tambi\u00e9n se le atribuyen beneficios para la circulaci\u00f3n y la capacidad de mejorar la movilidad de tejidos da\u00f1ados.<\/p>\n\n\n\n<p class=\"has-text-align-center\">Aunque resultan dif\u00edciles de cuantificar, los\u00a0<strong>beneficios psicol\u00f3gicos<\/strong>\u00a0de los quiromasajes suelen ser aceptados a nivel general. El contacto entre la mano del quiromasajista y la piel de la otra persona suele provocar relajaci\u00f3n y placer, algo que ayuda a eliminar tensiones y a reducir el\u00a0<strong>estr\u00e9s<\/strong>.<\/p>\n\n\n\n<p class=\"has-text-align-center\">Debe resaltarse que los quiromasajes tienen ciertas&nbsp;<strong>contraindicaciones<\/strong>: no deben realizarse sobre heridas abiertas, hematomas de origen reciente o&nbsp;<strong>quemaduras<\/strong>, por ejemplo.<\/p>\n","protected":false},"excerpt":{"rendered":"<p>Se conoce como\u00a0quiromasaje\u00a0al\u00a0masaje\u00a0desarrollado\u00a0manualmente\u00a0como parte de una\u00a0terapia. De este modo, un quiromasaje se diferencia de aquellos que se realizan con distintos instrumentos o dispositivos. Cuando un quiromasajista ejerce una&nbsp;presi\u00f3n&nbsp;sobre una zona del&nbsp;cuerpo&nbsp;en la que su paciente siente dolor, se produce una respuesta refleja que permite calmar la dolencia. La&nbsp;presi\u00f3n t\u00e1ctil&nbsp;y el&nbsp;frotamiento&nbsp;tambi\u00e9n pueden impulsar otros mecanismos, como [&hellip;]<\/p>\n","protected":false},"author":1,"featured_media":0,"parent":0,"menu_order":0,"comment_status":"closed","ping_status":"closed","template":"","meta":{"footnotes":""},"class_list":["post-63","page","type-page","status-publish","hentry"],"_links":{"self":[{"href":"https:\/\/rincondelmasaje.com\/index.php\/wp-json\/wp\/v2\/pages\/63","targetHints":{"allow":["GET"]}}],"collection":[{"href":"https:\/\/rincondelmasaje.com\/index.php\/wp-json\/wp\/v2\/pages"}],"about":[{"href":"https:\/\/rincondelmasaje.com\/index.php\/wp-json\/wp\/v2\/types\/page"}],"author":[{"embeddable":true,"href":"https:\/\/rincondelmasaje.com\/index.php\/wp-json\/wp\/v2\/users\/1"}],"replies":[{"embeddable":true,"href":"https:\/\/rincondelmasaje.com\/index.php\/wp-json\/wp\/v2\/comments?post=63"}],"version-history":[{"count":1,"href":"https:\/\/rincondelmasaje.com\/index.php\/wp-json\/wp\/v2\/pages\/63\/revisions"}],"predecessor-version":[{"id":64,"href":"https:\/\/rincondelmasaje.com\/index.php\/wp-json\/wp\/v2\/pages\/63\/revisions\/64"}],"wp:attachment":[{"href":"https:\/\/rincondelmasaje.com\/index.php\/wp-json\/wp\/v2\/media?parent=63"}],"curies":[{"name":"wp","href":"https:\/\/api.w.org\/{rel}","templated":true}]}}