{"id":57,"date":"2024-02-05T17:37:29","date_gmt":"2024-02-05T16:37:29","guid":{"rendered":"https:\/\/rincondelmasaje.com\/?page_id=57"},"modified":"2024-02-05T17:37:29","modified_gmt":"2024-02-05T16:37:29","slug":"sobre-mi","status":"publish","type":"page","link":"https:\/\/rincondelmasaje.com\/index.php\/sobre-mi\/","title":{"rendered":"Con\u00f3ceme:"},"content":{"rendered":"\n<p class=\"has-text-align-center\">Mi nombre es&nbsp;<strong>Javier Carbonell<\/strong>. Influido por la profesi\u00f3n de m\u00e9dico de mi padre, inici\u00e9 en 1995 mi formaci\u00f3n en la escuela de Masaje Manual Sagrera Ferrandiz en Barcelona.&nbsp;El Dr Sagrera Ferrandiz es hijo adoptivo del Dr. Vicente Lino Ferrandiz, quien&nbsp;desarrollo diferentes t\u00e9cnicas y utiliz\u00f3 por primera vez el t\u00e9rmino&nbsp;<strong>Quiromasaje&nbsp;<\/strong>para referirse al masaje aplicado con la mano sin ayuda de ning\u00fan aparato mec\u00e1nico.<\/p>\n\n\n\n<p class=\"has-text-align-center\">Desde esa imprescindible formaci\u00f3n, con los a\u00f1os y movido por el sano esp\u00edritu de plantearse las preguntas\/cuestiones que el d\u00eda a d\u00eda nos plantea&nbsp;he ido desarrollando nuevas t\u00e9cnicas buscando cada vez m\u00e1s efectividad pues nada hay m\u00e1s gratificante que aliviar al pr\u00f3jimo con aquello que est\u00e9 de nuestra mano.<\/p>\n\n\n\n<p class=\"has-text-align-center\">El Quiromasaje es un conjunto de t\u00e9cnicas de masaje aplicadas con las manos, es un m\u00e9todo muy eficaz por s\u00ed s\u00f3lo, pero se utiliza tambi\u00e9n como complemento a otras terapias. Consiste en fricciones, presiones, percusiones o estiramientos acompa\u00f1ados por cremas, aceites o esencias, para facilitar la movilidad de las manos sobre la piel.<\/p>\n","protected":false},"excerpt":{"rendered":"<p>Mi nombre es&nbsp;Javier Carbonell. Influido por la profesi\u00f3n de m\u00e9dico de mi padre, inici\u00e9 en 1995 mi formaci\u00f3n en la escuela de Masaje Manual Sagrera Ferrandiz en Barcelona.&nbsp;El Dr Sagrera Ferrandiz es hijo adoptivo del Dr. Vicente Lino Ferrandiz, quien&nbsp;desarrollo diferentes t\u00e9cnicas y utiliz\u00f3 por primera vez el t\u00e9rmino&nbsp;Quiromasaje&nbsp;para referirse al masaje aplicado con la [&hellip;]<\/p>\n","protected":false},"author":1,"featured_media":40,"parent":0,"menu_order":0,"comment_status":"closed","ping_status":"closed","template":"","meta":{"footnotes":""},"class_list":["post-57","page","type-page","status-publish","has-post-thumbnail","hentry"],"_links":{"self":[{"href":"https:\/\/rincondelmasaje.com\/index.php\/wp-json\/wp\/v2\/pages\/57","targetHints":{"allow":["GET"]}}],"collection":[{"href":"https:\/\/rincondelmasaje.com\/index.php\/wp-json\/wp\/v2\/pages"}],"about":[{"href":"https:\/\/rincondelmasaje.com\/index.php\/wp-json\/wp\/v2\/types\/page"}],"author":[{"embeddable":true,"href":"https:\/\/rincondelmasaje.com\/index.php\/wp-json\/wp\/v2\/users\/1"}],"replies":[{"embeddable":true,"href":"https:\/\/rincondelmasaje.com\/index.php\/wp-json\/wp\/v2\/comments?post=57"}],"version-history":[{"count":1,"href":"https:\/\/rincondelmasaje.com\/index.php\/wp-json\/wp\/v2\/pages\/57\/revisions"}],"predecessor-version":[{"id":59,"href":"https:\/\/rincondelmasaje.com\/index.php\/wp-json\/wp\/v2\/pages\/57\/revisions\/59"}],"wp:featuredmedia":[{"embeddable":true,"href":"https:\/\/rincondelmasaje.com\/index.php\/wp-json\/wp\/v2\/media\/40"}],"wp:attachment":[{"href":"https:\/\/rincondelmasaje.com\/index.php\/wp-json\/wp\/v2\/media?parent=57"}],"curies":[{"name":"wp","href":"https:\/\/api.w.org\/{rel}","templated":true}]}}